{"id":980,"date":"2017-03-22T13:35:49","date_gmt":"2017-03-22T13:35:49","guid":{"rendered":"http:\/\/www.dr-christidis.at\/site\/?page_id=980"},"modified":"2017-07-12T12:05:16","modified_gmt":"2017-07-12T10:05:16","slug":"entspannende-akupunktur","status":"publish","type":"page","link":"https:\/\/www.dr-christidis.at\/site\/akupunktur\/entspannende-akupunktur\/","title":{"rendered":"Entspannende Akupunktur"},"content":{"rendered":"<h3 style=\"text-align: left;\"><span style=\"font-size: 14pt;\"><strong>Die Hypnoakupunktur<\/strong><\/span><\/h3>\n<p style=\"text-align: justify;\"><span style=\"font-size: 12pt;\">Wir freuen uns besonders, dass wir Ihnen in unserer Praxis eine ganz neue und innovative Therapieform anbieten k\u00f6nnen. Sie kombiniert die Traditionelle chinesische Medizin und eine ebenso seit Jahrtausenden bekannte Methode, die medizinische Hypnose.<\/span><\/p>\n<p style=\"text-align: justify;\"><span style=\"font-size: 12pt;\">Durch diese faszinierende Verbindung potenziert sich die Wirkung beider schon an sich sehr effektiven Methoden! Und in Zeiten wie diesen ist die Hypnoakupunktur eine entspannende Therapie die entschleunigt und regeneriert.<\/span><\/p>\n<p style=\"text-align: justify;\"><span style=\"font-size: 12pt;\">Wer m\u00f6chte nicht gerne mit dem Rauchen aufh\u00f6ren, sein Idealgewicht wieder haben oder von Schmerzen, \u00c4ngste oder Stress befreit werden? Und wie k\u00f6nnte ein werdende Mutter sich auf die bevorstehende Geburt ihres Kindes gut vorbereiten?<\/span><\/p>\n<p style=\"text-align: justify;\"><span style=\"font-size: 12pt;\">Durch die medizinische Hypnose wird gezielt ein ver\u00e4nderter Bewusstseinszustand induziert, den jeder von uns t\u00e4glich auf nat\u00fcrliche Art und Weise sowieso erlebt zum Beispiel beim Lesen, Autofahren, oder Fernsehen. So wird ein Zugang zum Unbewussten ge\u00f6ffnet um dieses positiv zu beeinflussen. In diesem Zustand wird eine Akupunkturbehandlung durchgef\u00fchrt wobei manche Akupunkturpunkte dann besonders aktiv werden.<\/span><\/p>\n<p style=\"text-align: justify;\"><span style=\"font-size: 12pt;\">Somit ist die Hypnoakupunktur sowohl in der Pr\u00e4vention als auch in der Therapie eine sehr effektive und nebenwirkungslose Methode.<\/span><\/p>\n<h3><span style=\"font-size: 14pt;\">Bei welchen Erkrankungen und\u00a0wann verwende ich die Hypnoakupunktur in meiner Praxis?<\/span><\/h3>\n<ul>\n<li><span style=\"font-size: 12pt;\">zur\u00a0<strong>Raucherentw<\/strong><strong>\u00f6hnung<\/strong><\/span><\/li>\n<li><span style=\"font-size: 12pt;\">zur\u00a0<strong>Gewichtsabnahme<\/strong>\u00a0bei \u00dcbergewicht<\/span><\/li>\n<li><span style=\"font-size: 12pt;\">bei\u00a0<strong>Essst<\/strong><strong>\u00f6rungen<\/strong><\/span><\/li>\n<li><span style=\"font-size: 12pt;\">zur\u00a0<strong>Lebensstil<\/strong><strong>\u00e4nderung<\/strong>\u00a0und Pr\u00e4vention (Vorbeugung) von Herz- und Gef\u00e4\u00dferkrankungen oder bei\u00a0<strong>Zuckerkrankheit (Diabetes Mellitus)<\/strong>\u00a0und\u00a0<strong>Bluthochdruck (Hypertonie)<\/strong><\/span><\/li>\n<li><span style=\"font-size: 12pt;\">bei <strong> unerf\u00fcllten Kinderwunsch<\/strong><\/span><\/li>\n<li><span style=\"font-size: 12pt;\">in der\u00a0<strong>Schwangerschaft\u00a0<\/strong>(zum Beispiel bei \u00dcbelkeit) und im Rahmen der\u00a0<strong>Geburtsvorbereitung\u00a0<\/strong>(weniger Schmerzen und Angst w\u00e4hrend der Geburt, subjektiv angenehmeres Geburtserlebnis, k\u00fcrzere Dauer der Geburt, schnellere Erholung nach der Geburt)<\/span><\/li>\n<li><span style=\"font-size: 12pt;\"><strong>Zur Vorbereitung vor medizinischen-zahnmedizinischen Eingriffen oder Operationen:<\/strong>\u00a0Verminderung des Angstgef\u00fchls und der Anspannung, Schmerzlinderung<\/span><\/li>\n<li><span style=\"font-size: 12pt;\">bei\u00a0<strong>Schmerzen<\/strong>\u00a0aller Art: Kopfschmerzen, Migr\u00e4ne, Gelenks- und R\u00fcckenschmerzen, Menstruationsschmerzen<\/span><\/li>\n<li><span style=\"font-size: 12pt;\">bei\u00a0<strong>Tinnitus<\/strong><\/span><\/li>\n<li><span style=\"font-size: 12pt;\">bei\u00a0<strong>Asthma<\/strong>\u00a0und anderen\u00a0<strong>Lungenerkrankungen\u00a0<\/strong>(chronische Bronchitis)<\/span><\/li>\n<li><span style=\"font-size: 12pt;\">bei\u00a0<strong>Magen Darm Erkrankungen\u00a0<\/strong>: Verstopfung, Durchfall, Koliken,Verdauunsst\u00f6rungen, Laktose- und Fruktoseintoleranz, Histaminintoleranz, Gastritis, Reizmagen, Reizdarm<\/span><\/li>\n<li><span style=\"font-size: 12pt;\">bei\u00a0<strong>Krebsekrankungen<\/strong>\u00a0als adjuvante (erg\u00e4nzende und unterst\u00fctzende)Therapie zur Besserung des Allgemeinbefindens und zur Verminderung der Nebenwirkungen der Chemotherapie (wie \u00dcbelkeit)<\/span><\/li>\n<li><span style=\"font-size: 12pt;\">bei\u00a0<strong>Stress,\u00a0<\/strong><strong>\u00dcberlastung, Verspannungen und Burn out<\/strong><\/span><\/li>\n<li><span style=\"font-size: 12pt;\">bei\u00a0<strong>\u00c4ngsten<\/strong>: Pr\u00fcfungsangst, Flugangst, Angst vor Menschenmengen<\/span><\/li>\n<li><span style=\"font-size: 12pt;\">bei\u00a0<strong>Schlafst<\/strong><strong>\u00f6rungen und Unruhezust<\/strong><strong>\u00e4nden<\/strong><\/span><\/li>\n<li><span style=\"font-size: 12pt;\">zur\u00a0<strong>Motivation, St<\/strong><strong>\u00e4rkung des Selbsbewu<\/strong><strong>\u00dftseins und Selbstwertsteigerung<\/strong><\/span><\/li>\n<li><span style=\"font-size: 12pt;\">Unterst\u00fctzend und begleitend bei\u00a0<strong>Sportlern<\/strong>, vor allem im Leistungsportbereich und bei Wettk\u00e4mpfen<\/span><\/li>\n<\/ul>\n<p>&nbsp;<\/p>\n","protected":false},"excerpt":{"rendered":"<p>Die Hypnoakupunktur Wir freuen uns besonders, dass wir Ihnen in unserer Praxis eine ganz neue und innovative Therapieform anbieten k\u00f6nnen. Sie kombiniert die Traditionelle chinesische Medizin und eine ebenso seit Jahrtausenden bekannte Methode, die medizinische Hypnose. Durch diese faszinierende Verbindung potenziert sich die Wirkung beider schon an sich sehr effektiven Methoden! Und in Zeiten wie&hellip;<\/p>\n","protected":false},"author":1,"featured_media":0,"parent":950,"menu_order":0,"comment_status":"closed","ping_status":"closed","template":"","meta":{"footnotes":""},"_links":{"self":[{"href":"https:\/\/www.dr-christidis.at\/site\/wp-json\/wp\/v2\/pages\/980"}],"collection":[{"href":"https:\/\/www.dr-christidis.at\/site\/wp-json\/wp\/v2\/pages"}],"about":[{"href":"https:\/\/www.dr-christidis.at\/site\/wp-json\/wp\/v2\/types\/page"}],"author":[{"embeddable":true,"href":"https:\/\/www.dr-christidis.at\/site\/wp-json\/wp\/v2\/users\/1"}],"replies":[{"embeddable":true,"href":"https:\/\/www.dr-christidis.at\/site\/wp-json\/wp\/v2\/comments?post=980"}],"version-history":[{"count":6,"href":"https:\/\/www.dr-christidis.at\/site\/wp-json\/wp\/v2\/pages\/980\/revisions"}],"predecessor-version":[{"id":1269,"href":"https:\/\/www.dr-christidis.at\/site\/wp-json\/wp\/v2\/pages\/980\/revisions\/1269"}],"up":[{"embeddable":true,"href":"https:\/\/www.dr-christidis.at\/site\/wp-json\/wp\/v2\/pages\/950"}],"wp:attachment":[{"href":"https:\/\/www.dr-christidis.at\/site\/wp-json\/wp\/v2\/media?parent=980"}],"curies":[{"name":"wp","href":"https:\/\/api.w.org\/{rel}","templated":true}]}}