{"id":957,"date":"2017-03-22T13:07:22","date_gmt":"2017-03-22T13:07:22","guid":{"rendered":"http:\/\/www.dr-christidis.at\/site\/?page_id=957"},"modified":"2017-07-12T12:03:45","modified_gmt":"2017-07-12T10:03:45","slug":"laserakupunktur","status":"publish","type":"page","link":"https:\/\/www.dr-christidis.at\/site\/akupunktur\/laserakupunktur\/","title":{"rendered":"Sanfte Akupunktur"},"content":{"rendered":"<h3><span style=\"font-size: 14pt;\"><strong>LASERAKUPUNKTUR<\/strong><\/span><\/h3>\n<h3><span style=\"font-size: 14pt;\"><strong>F\u00fcr Kinder und Patienten die Nadelstiche nicht vertragen<\/strong><\/span><\/h3>\n<p><span style=\"font-size: 12pt;\">Die g\u00fcnstigen und erw\u00fcnschten Wirkungen der Akupunktur k\u00f6nnen auch mittels Laser erzielt werden. Das Laserlicht wirkt auf die Akupunkturpunkte wie die Nadeln, mit dem einzigen Unterschied dass diese Methode schmerzlos ist.<\/span><\/p>\n<h3><span style=\"font-size: 14pt;\"><strong>Kinderakupunktur<\/strong><\/span><\/h3>\n<p><span style=\"font-size: 12pt;\">In unserer Praxis bieten wir die Laserpunktur f\u00fcr die Behandlung von Kindern an. Unsere kleinen Patienten sollen nicht die zus\u00e4tzlichen Schmerzen des Nadelstiches versp\u00fcren aber von der effektiven Akupunkturwirkung profitieren.<\/span><\/p>\n<p><span style=\"font-size: 12pt;\">Folgende Krankheitsbilder k\u00f6nnen behandelt werden:<\/span><\/p>\n<ul>\n<li><span style=\"font-size: 12pt;\">Fieberhafte Infekte<\/span><\/li>\n<li><span style=\"font-size: 12pt;\">Allergien<\/span><\/li>\n<li><span style=\"font-size: 12pt;\">Durchfallserkrankungen<\/span><\/li>\n<li><span style=\"font-size: 12pt;\">Ohrenentz\u00fcndungen mit Schmerzen<\/span><\/li>\n<li><span style=\"font-size: 12pt;\">Halsentz\u00fcndungen mit Schmerzen<\/span><\/li>\n<li><span style=\"font-size: 12pt;\">Bauchschmerzen<\/span><\/li>\n<li><span style=\"font-size: 12pt;\">Gelenksschmerzen<\/span><\/li>\n<li><span style=\"font-size: 12pt;\">Asthma und andere Lungenerkrankungen<\/span><\/li>\n<li><span style=\"font-size: 12pt;\">Nasenentz\u00fcndungen mit Schnupfen und Nasennebenh\u00f6hlenentz\u00fcndungen.<\/span><\/li>\n<\/ul>\n<p><span style=\"font-size: 12pt;\">Da durch die Akupunktur\/Laserakupunktur eine Regulierung bzw. ein Ausgleich erzielt wird, kann diese auch bei Schlafst\u00f6rungen oder Unruhezust\u00e4nde helfen.<\/span><\/p>\n<h3><span style=\"font-size: 14pt;\"><strong>Laserakupunktur bei Erwachsenen\u00a0<\/strong><\/span><\/h3>\n<p><span style=\"font-size: 12pt;\">Die Laserakupunktur wird in unserer Praxis selbstverst\u00e4ndlich jedem Patienten und jeder Patientin angeboten, die die Nadelakupunktur als unangenehm empfindet. Wir m\u00f6chten, dass diese PatientInnen auch von der Akupunktur profitieren und sich gleichzeitig wohl f\u00fchlen.<\/span><\/p>\n<p><span style=\"font-size: 12pt;\">Zus\u00e4tzlich k\u00f6nnen PatientInnen behandelt werden, die eine Blutgerinnungsst\u00f6rung haben oder die gerinnungshemmende Medikamente einnehmen (Marcoumar, Sintrom, Xarelto, Pradaxa).<\/span><\/p>\n<p><span style=\"font-size: 12pt;\">Die Krankheitsbilder, die wir behandeln, sind die gleichen wie bei der Nadelakupunktur.<\/span><\/p>\n<div id='gallery-1' class='gallery galleryid-957 gallery-columns-3 gallery-size-thumbnail'><figure class='gallery-item'>\n\t\t\t<div class='gallery-icon portrait'>\n\t\t\t\t<a href='https:\/\/www.dr-christidis.at\/site\/wp-content\/uploads\/Laser31.jpg'><img loading=\"lazy\" decoding=\"async\" width=\"150\" height=\"150\" src=\"https:\/\/www.dr-christidis.at\/site\/wp-content\/uploads\/Laser31-150x150.jpg\" class=\"attachment-thumbnail size-thumbnail\" alt=\"\" srcset=\"https:\/\/www.dr-christidis.at\/site\/wp-content\/uploads\/Laser31-150x150.jpg 150w, https:\/\/www.dr-christidis.at\/site\/wp-content\/uploads\/Laser31-200x200.jpg 200w\" sizes=\"(max-width: 150px) 100vw, 150px\" \/><\/a>\n\t\t\t<\/div><\/figure><figure class='gallery-item'>\n\t\t\t<div class='gallery-icon portrait'>\n\t\t\t\t<a href='https:\/\/www.dr-christidis.at\/site\/wp-content\/uploads\/Laser21.jpg'><img loading=\"lazy\" decoding=\"async\" width=\"150\" height=\"150\" src=\"https:\/\/www.dr-christidis.at\/site\/wp-content\/uploads\/Laser21-150x150.jpg\" class=\"attachment-thumbnail size-thumbnail\" alt=\"\" srcset=\"https:\/\/www.dr-christidis.at\/site\/wp-content\/uploads\/Laser21-150x150.jpg 150w, https:\/\/www.dr-christidis.at\/site\/wp-content\/uploads\/Laser21-200x200.jpg 200w\" sizes=\"(max-width: 150px) 100vw, 150px\" \/><\/a>\n\t\t\t<\/div><\/figure><figure class='gallery-item'>\n\t\t\t<div class='gallery-icon portrait'>\n\t\t\t\t<a href='https:\/\/www.dr-christidis.at\/site\/wp-content\/uploads\/Laser12.jpg'><img loading=\"lazy\" decoding=\"async\" width=\"150\" height=\"150\" src=\"https:\/\/www.dr-christidis.at\/site\/wp-content\/uploads\/Laser12-150x150.jpg\" class=\"attachment-thumbnail size-thumbnail\" alt=\"\" srcset=\"https:\/\/www.dr-christidis.at\/site\/wp-content\/uploads\/Laser12-150x150.jpg 150w, https:\/\/www.dr-christidis.at\/site\/wp-content\/uploads\/Laser12-298x300.jpg 298w, https:\/\/www.dr-christidis.at\/site\/wp-content\/uploads\/Laser12-200x200.jpg 200w, https:\/\/www.dr-christidis.at\/site\/wp-content\/uploads\/Laser12-346x348.jpg 346w, https:\/\/www.dr-christidis.at\/site\/wp-content\/uploads\/Laser12.jpg 591w\" sizes=\"(max-width: 150px) 100vw, 150px\" \/><\/a>\n\t\t\t<\/div><\/figure>\n\t\t<\/div>\n\n","protected":false},"excerpt":{"rendered":"<p>LASERAKUPUNKTUR F\u00fcr Kinder und Patienten die Nadelstiche nicht vertragen Die g\u00fcnstigen und erw\u00fcnschten Wirkungen der Akupunktur k\u00f6nnen auch mittels Laser erzielt werden. Das Laserlicht wirkt auf die Akupunkturpunkte wie die Nadeln, mit dem einzigen Unterschied dass diese Methode schmerzlos ist. Kinderakupunktur In unserer Praxis bieten wir die Laserpunktur f\u00fcr die Behandlung von Kindern an. Unsere&hellip;<\/p>\n","protected":false},"author":1,"featured_media":0,"parent":950,"menu_order":0,"comment_status":"closed","ping_status":"closed","template":"","meta":{"footnotes":""},"_links":{"self":[{"href":"https:\/\/www.dr-christidis.at\/site\/wp-json\/wp\/v2\/pages\/957"}],"collection":[{"href":"https:\/\/www.dr-christidis.at\/site\/wp-json\/wp\/v2\/pages"}],"about":[{"href":"https:\/\/www.dr-christidis.at\/site\/wp-json\/wp\/v2\/types\/page"}],"author":[{"embeddable":true,"href":"https:\/\/www.dr-christidis.at\/site\/wp-json\/wp\/v2\/users\/1"}],"replies":[{"embeddable":true,"href":"https:\/\/www.dr-christidis.at\/site\/wp-json\/wp\/v2\/comments?post=957"}],"version-history":[{"count":8,"href":"https:\/\/www.dr-christidis.at\/site\/wp-json\/wp\/v2\/pages\/957\/revisions"}],"predecessor-version":[{"id":1268,"href":"https:\/\/www.dr-christidis.at\/site\/wp-json\/wp\/v2\/pages\/957\/revisions\/1268"}],"up":[{"embeddable":true,"href":"https:\/\/www.dr-christidis.at\/site\/wp-json\/wp\/v2\/pages\/950"}],"wp:attachment":[{"href":"https:\/\/www.dr-christidis.at\/site\/wp-json\/wp\/v2\/media?parent=957"}],"curies":[{"name":"wp","href":"https:\/\/api.w.org\/{rel}","templated":true}]}}