{"id":935,"date":"2017-03-22T12:42:10","date_gmt":"2017-03-22T12:42:10","guid":{"rendered":"http:\/\/www.dr-christidis.at\/site\/?page_id=935"},"modified":"2017-07-12T12:19:26","modified_gmt":"2017-07-12T10:19:26","slug":"kinderwunsch-raucherentwoehnung-stressbewaeltigung","status":"publish","type":"page","link":"https:\/\/www.dr-christidis.at\/site\/kinderwunsch-raucherentwoehnung-stressbewaeltigung\/","title":{"rendered":"Unerf\u00fcllter Kinderwunsch"},"content":{"rendered":"<p><a href=\"http:\/\/www.dr-christidis.at\/site\/wp-content\/uploads\/child-parents.jpg\"><img loading=\"lazy\" decoding=\"async\" class=\"wp-image-1152  aligncenter\" src=\"http:\/\/www.dr-christidis.at\/site\/wp-content\/uploads\/child-parents-300x200.jpg\" alt=\"\" width=\"341\" height=\"227\" srcset=\"https:\/\/www.dr-christidis.at\/site\/wp-content\/uploads\/child-parents-300x200.jpg 300w, https:\/\/www.dr-christidis.at\/site\/wp-content\/uploads\/child-parents-768x512.jpg 768w, https:\/\/www.dr-christidis.at\/site\/wp-content\/uploads\/child-parents-1024x683.jpg 1024w, https:\/\/www.dr-christidis.at\/site\/wp-content\/uploads\/child-parents.jpg 1920w\" sizes=\"(max-width: 341px) 100vw, 341px\" \/><\/a><\/p>\n<p><span style=\"font-size: 12pt;\">Ein Kind zu bekommen!<\/span><\/p>\n<p><span style=\"font-size: 12pt;\">Das nat\u00fcrlichste Geschenk und Ziel vieler Paare.<\/span><\/p>\n<p><span style=\"font-size: 12pt;\">Manchmal tritt aber die erw\u00fcnschte Schwangerschaft nicht (sofort) ein. Gedanken, Unsicherheit, Zweifel und Schamgef\u00fchl tritt ein, die Umgebung beginnt unangenehme Fragen zu stellen und Druck auszu\u00fcben. Das Selbstwertgef\u00fchl wird immer weniger, die Beziehung leidet darunter, der Leidensdruck steigt. Meistens kann das Paar mit niemanden ausreichend sprechen, weil das Scham- und Schuldgef\u00fchl sehr gro\u00df ist und die Gesellschaft mit diesem Thema nicht immer mit Diskretion, Wissen und Empathie umgehen kann.<\/span><\/p>\n<p> <span style=\"font-size: 12pt;\"> Wir sind f\u00fcr Sie in unserer Praxis da. \u2028\u2028Nach einer Terminvereinbarung k\u00f6nnen Sie und\/oder Ihr Partner\/Partnerin in unsere Praxis kommen, wo anf\u00e4nglich in einem Gespr\u00e4ch \u00fcber die m\u00f6glichen organischen und psychischen Ursachen eines unerf\u00fcllten Kinderwunsches gesprochen wird. Dann wird gemeinsam entschieden welche internistische, gyn\u00e4kologische und urologische Untersuchungen notwendig sind zum Ausschluss von irgendwelchen Erkrankungen.<\/span><\/p>\n<p><span style=\"font-size: 12pt;\">Anschlie\u00dfend werden die Methoden f\u00fcr einer Erh\u00f6hung der Schwangerschafts- und Geburtsrate besprochen die wir verwenden: <a href=\"http:\/\/www.dr-christidis.at\/site\/akupunktur\/\">Akupunktur<\/a>, <a href=\"http:\/\/www.dr-christidis.at\/site\/akupunktur\/entspannende-akupunktur\/\">Hypnoakupunktur<\/a> und Kr\u00e4utertherapie.\u2028\u2028 Wir begleiten Sie w\u00e4hrend dieser ganzen sehr anspruchsvollen Zeit, was enorm wichtig und erfolgsversprechend ist. Wir helfen Ihnen bei den \u00c4ngsten, Erwartungen, Entt\u00e4uschungen und freuen uns mit Ihnen wenn Sie schwanger werden!<\/span><\/p>\n<p><span style=\"font-size: 12pt;\">Falls notwendig informieren wir Sie auch wie unsere Methoden bei einer k\u00fcnstlichen Befruchtung zu besseren Ergebnissen f\u00fchren kann.<\/span><\/p>\n<p> <span style=\"font-size: 12pt;\"> Schlie\u00dflich begleiten wir Sie auch w\u00e4hrend Ihrer ganzen Schwangerschaft bis zur Geburtsvorbereitung.<\/span><\/p>\n<p> <span style=\"font-size: 12pt;\"> An dieser Stelle m\u00f6chten wir uns auch bei allen Paaren bedanken \u00fcber die Fotos Ihrer Babys, die sie uns geschickt haben.<\/span><\/p>\n<p><span style=\"font-size: 12pt;\"><strong>Wir freuen uns mit Ihnen!<\/strong><\/span><\/p>\n","protected":false},"excerpt":{"rendered":"<p>Ein Kind zu bekommen! Das nat\u00fcrlichste Geschenk und Ziel vieler Paare. Manchmal tritt aber die erw\u00fcnschte Schwangerschaft nicht (sofort) ein. Gedanken, Unsicherheit, Zweifel und Schamgef\u00fchl tritt ein, die Umgebung beginnt unangenehme Fragen zu stellen und Druck auszu\u00fcben. Das Selbstwertgef\u00fchl wird immer weniger, die Beziehung leidet darunter, der Leidensdruck steigt. Meistens kann das Paar mit niemanden&hellip;<\/p>\n","protected":false},"author":1,"featured_media":1152,"parent":0,"menu_order":0,"comment_status":"closed","ping_status":"closed","template":"","meta":{"footnotes":""},"_links":{"self":[{"href":"https:\/\/www.dr-christidis.at\/site\/wp-json\/wp\/v2\/pages\/935"}],"collection":[{"href":"https:\/\/www.dr-christidis.at\/site\/wp-json\/wp\/v2\/pages"}],"about":[{"href":"https:\/\/www.dr-christidis.at\/site\/wp-json\/wp\/v2\/types\/page"}],"author":[{"embeddable":true,"href":"https:\/\/www.dr-christidis.at\/site\/wp-json\/wp\/v2\/users\/1"}],"replies":[{"embeddable":true,"href":"https:\/\/www.dr-christidis.at\/site\/wp-json\/wp\/v2\/comments?post=935"}],"version-history":[{"count":15,"href":"https:\/\/www.dr-christidis.at\/site\/wp-json\/wp\/v2\/pages\/935\/revisions"}],"predecessor-version":[{"id":1278,"href":"https:\/\/www.dr-christidis.at\/site\/wp-json\/wp\/v2\/pages\/935\/revisions\/1278"}],"wp:featuredmedia":[{"embeddable":true,"href":"https:\/\/www.dr-christidis.at\/site\/wp-json\/wp\/v2\/media\/1152"}],"wp:attachment":[{"href":"https:\/\/www.dr-christidis.at\/site\/wp-json\/wp\/v2\/media?parent=935"}],"curies":[{"name":"wp","href":"https:\/\/api.w.org\/{rel}","templated":true}]}}