{"id":930,"date":"2017-03-22T12:37:36","date_gmt":"2017-03-22T12:37:36","guid":{"rendered":"http:\/\/www.dr-christidis.at\/site\/?page_id=930"},"modified":"2017-07-07T22:36:57","modified_gmt":"2017-07-07T20:36:57","slug":"dermatologische-kosmetische-akupunktur","status":"publish","type":"page","link":"https:\/\/www.dr-christidis.at\/site\/akupunktur\/dermatologische-kosmetische-akupunktur\/","title":{"rendered":"Dermatologische &#038; Kosmetische Akupunktur"},"content":{"rendered":"<p><span style=\"font-size: 12pt;\"><em><strong>&#8222;Gesundheit und Wohlbefinden k\u00f6nnen sich sehen lassen!&#8220;<\/strong><\/em><\/span><\/p>\n<p>\n <span style=\"font-size: 12pt;\"> Das ist das Grundprinzip der kosmetischen Akupunktur. Mit dieser schmerzarmen Methode, wird mit feinen Nadeln im Gesicht und anderen K\u00f6rperregionen der Stoffwechsel, die Durchblutung und die Regeneration der Haut gef\u00f6rdert. Diese wird straffer und jugendlicher.<\/span><\/p>\n<p><span style=\"font-size: 12pt;\">Zus\u00e4tzlich wird nach den Regeln der traditionellen chinesischen Medizin eine klassische Akupunktur durchgef\u00fchrt, entsprechend des jeweiligen Hauttyps und der Konstitution, um einen energetischen Ausgleich und eine systemische Balance zu erreichen.<\/span><br \/>\n <span style=\"font-size: 12pt;\"> Somit ist die &#8222;sch\u00f6ne Akupunktur&#8220; nicht nur eine kosmetische Methode sondern ein ganzheitliches Verfahren zur Verj\u00fcngung und Gesundheitsf\u00f6rderung. Und es k\u00f6nnen gleichzeitig auch andere Beschwerden behandelt werden, zum Beispiel Schmerzen.<\/span><\/p>\n<p><span style=\"font-size: 12pt;\">Es entstehen keine Narben, keine Verletzungen und es werden keine k\u00f6rperfremde Substanzen injiziert, sondern es werden die eigenen Regenerationskr\u00e4fte aktiviert. Mit dieser ganzheitlichen Methode bleiben die nat\u00fcrlichen Gesichtsz\u00fcge erhalten.<\/span><\/p>\n<h3>\n <span style=\"font-size: 14pt;\"><strong> Was kann behandelt werden:<\/strong><\/span><\/h3>\n<ul>\n<li><span style=\"font-size: 12pt;\">F\u00e4ltchen und Falten<\/span><\/li>\n<li><span style=\"font-size: 12pt;\">H\u00e4ngende Lider und Wangen<\/span><\/li>\n<li><span style=\"font-size: 12pt;\">Doppelkinn<\/span><\/li>\n<li><span style=\"font-size: 12pt;\">Augens\u00e4cke und geschwollene Augenlider<\/span><\/li>\n<li><span style=\"font-size: 12pt;\">dunkle Ringe unter den Augen<\/span><\/li>\n<li><span style=\"font-size: 12pt;\">schlaffe aufgedunsene Haut<\/span><\/li>\n<li><span style=\"font-size: 12pt;\">Schwellungen im Gesicht<\/span><\/li>\n<li><span style=\"font-size: 12pt;\">Cellulitis<\/span><\/li>\n<li><span style=\"font-size: 12pt;\">Straffung des Bauch Bindegewebes (nach einer Geburt oder w\u00e4hrend einer Gewichtsabnahme)<\/span><\/li>\n<li><span style=\"font-size: 12pt;\">Schwangerschaftsstreifen<\/span><\/li>\n<li><span style=\"font-size: 12pt;\">schlaffe Br\u00fcste<\/span><\/li>\n<li><span style=\"font-size: 12pt;\">Narben<\/span><br \/>\n <span style=\"font-size: 12pt;\"> stumpfes, lebloses oder trockenes, schubiges Haar<\/span><\/li>\n<li><span style=\"font-size: 12pt;\">Haarausfall (Alopezie, auch bei M\u00e4nnern)<\/span><\/li>\n<li><span style=\"font-size: 12pt;\">\u00fcberm\u00e4\u00dfiges Schwitzen<\/span><\/li>\n<\/ul>\n<p><span style=\"font-size: 12pt;\">Aber auch<strong> dermatologische Erkrankungen <\/strong>k\u00f6nnen gut behandelt werden:<\/span><\/p>\n<ul>\n<li><span style=\"font-size: 12pt;\">Psoriasis<\/span><\/li>\n<li><span style=\"font-size: 12pt;\">Urticaria<\/span><\/li>\n<li><span style=\"font-size: 12pt;\">Neurodermitis<\/span><\/li>\n<li><span style=\"font-size: 12pt;\">Akne<\/span><\/li>\n<li><span style=\"font-size: 12pt;\">Zoster (G\u00fcrtelrose)<\/span><\/li>\n<li><span style=\"font-size: 12pt;\">Warzen<\/span><\/li>\n<li><span style=\"font-size: 12pt;\">Vitiligo<\/span><\/li>\n<li><span style=\"font-size: 12pt;\">Hyperpigmentation<\/span><\/li>\n<\/ul>\n<p>\n <span style=\"font-size: 12pt;\"> Diese nachhaltige und nat\u00fcrliche Methode, die selbstverst\u00e4ndlich f\u00fcr beide Geschlechter geeignet ist, kostet insgesamt weniger als eine operative Behandlung.<\/span><\/p>\n<p><span style=\"font-size: 12pt;\">Wenn man sich sch\u00f6n f\u00fchlt steigt das Selbstbewusstsein, das Wohlbefinden und das Selbstwertgef\u00fchl!<\/span><\/p>\n<p>\n <span style=\"font-size: 12pt;\"> Bitte kontaktieren Sie uns f\u00fcr genauere Details.<\/span><\/p>\n","protected":false},"excerpt":{"rendered":"<p>&#8222;Gesundheit und Wohlbefinden k\u00f6nnen sich sehen lassen!&#8220; Das ist das Grundprinzip der kosmetischen Akupunktur. Mit dieser schmerzarmen Methode, wird mit feinen Nadeln im Gesicht und anderen K\u00f6rperregionen der Stoffwechsel, die Durchblutung und die Regeneration der Haut gef\u00f6rdert. Diese wird straffer und jugendlicher. Zus\u00e4tzlich wird nach den Regeln der traditionellen chinesischen Medizin eine klassische Akupunktur durchgef\u00fchrt,&hellip;<\/p>\n","protected":false},"author":1,"featured_media":0,"parent":950,"menu_order":0,"comment_status":"closed","ping_status":"closed","template":"","meta":{"footnotes":""},"_links":{"self":[{"href":"https:\/\/www.dr-christidis.at\/site\/wp-json\/wp\/v2\/pages\/930"}],"collection":[{"href":"https:\/\/www.dr-christidis.at\/site\/wp-json\/wp\/v2\/pages"}],"about":[{"href":"https:\/\/www.dr-christidis.at\/site\/wp-json\/wp\/v2\/types\/page"}],"author":[{"embeddable":true,"href":"https:\/\/www.dr-christidis.at\/site\/wp-json\/wp\/v2\/users\/1"}],"replies":[{"embeddable":true,"href":"https:\/\/www.dr-christidis.at\/site\/wp-json\/wp\/v2\/comments?post=930"}],"version-history":[{"count":9,"href":"https:\/\/www.dr-christidis.at\/site\/wp-json\/wp\/v2\/pages\/930\/revisions"}],"predecessor-version":[{"id":1249,"href":"https:\/\/www.dr-christidis.at\/site\/wp-json\/wp\/v2\/pages\/930\/revisions\/1249"}],"up":[{"embeddable":true,"href":"https:\/\/www.dr-christidis.at\/site\/wp-json\/wp\/v2\/pages\/950"}],"wp:attachment":[{"href":"https:\/\/www.dr-christidis.at\/site\/wp-json\/wp\/v2\/media?parent=930"}],"curies":[{"name":"wp","href":"https:\/\/api.w.org\/{rel}","templated":true}]}}