{"id":928,"date":"2017-03-22T12:27:59","date_gmt":"2017-03-22T12:27:59","guid":{"rendered":"http:\/\/www.dr-christidis.at\/site\/?page_id=928"},"modified":"2017-07-12T11:59:30","modified_gmt":"2017-07-12T09:59:30","slug":"leistungen","status":"publish","type":"page","link":"https:\/\/www.dr-christidis.at\/site\/leistungen\/","title":{"rendered":"Internistische Leistungen"},"content":{"rendered":"<ul>\n<li style=\"text-align: left;\"><span style=\"font-size: 12pt;\"><strong>EKG \u00a0<\/strong>Ableitung der elektrischen Aktivit\u00e4t im Herzen. Damit k\u00f6nnen Herzrhythmusst\u00f6rungen und akute Durchblutungsst\u00f6rungen des Herzmuskels diagnostiziert werden. Zus\u00e4tzlich kann das EKG Hinweise auf andere Erkrankungen geben.<\/span>\n<p>\n <a href=\"http:\/\/www.dr-christidis.at\/site\/wp-content\/uploads\/EKG1.jpg\"><\/p>\n<p> <img loading=\"lazy\" decoding=\"async\" class=\"size-thumbnail wp-image-636 alignnone\" title=\"EKG1\" src=\"http:\/\/www.dr-christidis.at\/site\/wp-content\/uploads\/EKG1-150x150.jpg\" alt=\"\" width=\"150\" height=\"150\" srcset=\"https:\/\/www.dr-christidis.at\/site\/wp-content\/uploads\/EKG1-150x150.jpg 150w, https:\/\/www.dr-christidis.at\/site\/wp-content\/uploads\/EKG1-200x200.jpg 200w\" sizes=\"(max-width: 150px) 100vw, 150px\" \/><\/a><\/li>\n<\/ul>\n<p>&nbsp;<\/p>\n<ul>\n<li style=\"text-align: left;\"><span style=\"font-size: 12pt;\"><strong>Belastungs-EKG (Ergometrie)<\/strong>\u00a0Belastung auf einem Fahrrad\/Ergometer. Dabei Aufzeichnung der elektrischen Herzaktivit\u00e4t (wie beim EKG).\u00a0Damit k\u00f6nnen Durchblutungsst\u00f6rungen des Herzmuskels bzw. Verengungen in den Herzkranzgef\u00e4\u00dfen erkannt werden.\u00a0W\u00e4hrend der Belastung erfolgt eine regelm\u00e4\u00dfige Blutdruckmessung.\u00a0So kann ein Belastungshochdruck festgestellt werden. Mit der Ergometrie kann auch die Leistungsf\u00e4higkeit \u00fcberpr\u00fcft und die Trainingsherzfrequenz individuell festgelegt werden.\n<p> <\/span><\/p>\n<div id='gallery-1' class='gallery galleryid-928 gallery-columns-2 gallery-size-thumbnail'><figure class='gallery-item'>\n\t\t\t<div class='gallery-icon landscape'>\n\t\t\t\t<a href='https:\/\/www.dr-christidis.at\/site\/wp-content\/uploads\/EKG3.jpg'><img loading=\"lazy\" decoding=\"async\" width=\"150\" height=\"150\" src=\"https:\/\/www.dr-christidis.at\/site\/wp-content\/uploads\/EKG3-150x150.jpg\" class=\"attachment-thumbnail size-thumbnail\" alt=\"\" srcset=\"https:\/\/www.dr-christidis.at\/site\/wp-content\/uploads\/EKG3-150x150.jpg 150w, https:\/\/www.dr-christidis.at\/site\/wp-content\/uploads\/EKG3-200x200.jpg 200w\" sizes=\"(max-width: 150px) 100vw, 150px\" \/><\/a>\n\t\t\t<\/div><\/figure><figure class='gallery-item'>\n\t\t\t<div class='gallery-icon landscape'>\n\t\t\t\t<a href='https:\/\/www.dr-christidis.at\/site\/wp-content\/uploads\/EKG2.jpg'><img loading=\"lazy\" decoding=\"async\" width=\"150\" height=\"150\" src=\"https:\/\/www.dr-christidis.at\/site\/wp-content\/uploads\/EKG2-150x150.jpg\" class=\"attachment-thumbnail size-thumbnail\" alt=\"\" srcset=\"https:\/\/www.dr-christidis.at\/site\/wp-content\/uploads\/EKG2-150x150.jpg 150w, https:\/\/www.dr-christidis.at\/site\/wp-content\/uploads\/EKG2-200x200.jpg 200w\" sizes=\"(max-width: 150px) 100vw, 150px\" \/><\/a>\n\t\t\t<\/div><\/figure>\n\t\t<\/div>\n\n<\/li>\n<\/ul>\n<div>\n<ul>\n<li style=\"text-align: left;\"><span style=\"font-size: 12pt;\"><strong>Langzeit-EKG<\/strong>\u00a0Aufzeichnung der elektrischen Aktivit\u00e4t \u00fcber einen l\u00e4ngeren Zeitraum mithilfe eines kleinen tragbaren Ger\u00e4tes, das am Patienten befestigt wird. So k\u00f6nnen Herzrhythmusst\u00f6rungen diagnostiziert werden, die eventuell einer Therapie bed\u00fcrfen.<\/span><\/li>\n<\/ul>\n<p>&nbsp;<\/p>\n<\/div>\n<ul>\n<li><span style=\"font-size: 12pt;\"><strong>Langzeit Blutdruck-Messung\u00a0<\/strong>Die von Fachgesellschaften empfohlene Methode zur Diagnose eines Bluthochdrucks und zur Kontrolle einer bereits eingeleiteten Therapie. Kleines tragbares Ger\u00e4t am Patienten misst in regelm\u00e4\u00dfigen Abst\u00e4nden den Blutdruck.<\/span><\/li>\n<\/ul>\n<p>&nbsp;<\/p>\n<ul>\n<li style=\"text-align: left;\"><span style=\"font-size: 12pt;\"><strong>Lungenfunktion-Spirometrie\u00a0<\/strong>Atmung \u00fcber ein Mundst\u00fcck in ein Atemrohr. So werden Luftmenge und -geschwindigkeiten gemessen. Mit dieser Methode k\u00f6nnen Bronchien- und Lungenerkrankungen diagnostiziert werden wie z.B. Asthma bronchiale.<\/span><\/li>\n<\/ul>\n<p>&nbsp;<\/p>\n<ul>\n<li><span style=\"font-size: 12pt;\"><strong>Ultraschall (Sonografie)<\/strong><\/span>\n<ul>\n<li style=\"text-align: left;\"><span style=\"font-size: 12pt;\"><strong>Herz (Echokardiografie)\u00a0<\/strong>Mit dem Herzultraschall k\u00f6nnen Gr\u00f6\u00dfe der Herzh\u00f6hlen, Dicke der Herzw\u00e4nde und Ihre Bewegungsabl\u00e4ufe, Struktur und Funktion der Herzklappen sowie Herzleistung beurteilt werden. Somit k\u00f6nnen Erkrankungen der Herzklappen, Herzmuskelerkrankungen, Fehlbildungen, Fl\u00fcssigkeitsansammlung im Herzbeutel und Gerinnsel entdeckt werden.<\/span><\/li>\n<li><span style=\"font-size: 12pt;\"><strong>Ober-u. Unterbauch\u00a0<\/strong>Standardmethode zur Beurteilung von Leber, Gallenblase, Nieren, Bauchspeicheldr\u00fcse, Milz und Bauchgef\u00e4\u00dfen. Im Unterbauch werden beim Mann die Prostata, bei einer Frau die inneren Geschlechtsorgane(Geb\u00e4rmutter, Eierst\u00f6cke) und bei beiden die Harnblase untersucht. Eine internistisch-sonografische Unterbauch-Untersuchung kann jedoch eine urologische bzw. gyn\u00e4kologische Fachuntersuchung nicht ersetzen.<br \/>\n <\/span><br \/>\n <a href=\"http:\/\/www.dr-christidis.at\/site\/wp-content\/uploads\/4-Kopie.jpg\"><img loading=\"lazy\" decoding=\"async\" class=\" size-thumbnail wp-image-667 alignnone\" title=\"Ober-Unterbauch Sono\" src=\"http:\/\/www.dr-christidis.at\/site\/wp-content\/uploads\/4-Kopie-150x150.jpg\" alt=\"\" width=\"150\" height=\"150\" srcset=\"https:\/\/www.dr-christidis.at\/site\/wp-content\/uploads\/4-Kopie-150x150.jpg 150w, https:\/\/www.dr-christidis.at\/site\/wp-content\/uploads\/4-Kopie-200x200.jpg 200w\" sizes=\"(max-width: 150px) 100vw, 150px\" \/><br \/>\n <\/a><\/li>\n<li style=\"text-align: left;\"><span style=\"font-size: 12pt;\"><strong>Schilddr<\/strong><strong>\u00fc<\/strong><strong>se\u00a0<\/strong>Beurteilung von Gr\u00f6\u00dfe und Struktur der Schilddr\u00fcse sowie von Ver\u00e4nderungen wie Knoten, Zysten oder Verkalkungen.<\/span><\/li>\n<\/ul>\n<\/li>\n<\/ul>\n<p>&nbsp;<\/p>\n<ul>\n<li style=\"text-align: left;\"><span style=\"font-size: 12pt;\"><strong>Endoskopie (Gastroskopie und Koloskopie)<\/strong> wird in der Privatklinik der Kreuzschwestern-Graz durchgef\u00fchrt: Zu Beginn wird \u00fcber den Grund (Indikation) der durchzuf\u00fchrenden Ma\u00dfnahme und den Ablauf der Untersuchung aufgekl\u00e4rt. Selbstverst\u00e4ndlich erh\u00e4lt jeder\/jede PatientIn vor der Durchf\u00fchrung der Gastro- bzw. Koloskopie eine\u00a0<strong>Beruhigungsspritze und Ohrakupunktur-Dauernadeln<\/strong>, so dass die Untersuchung so angenehm wie m\u00f6glich verl\u00e4uft.\u00a0Bei der Gastroskopie werden Speiser\u00f6hre, Magen und Zw\u00f6lffingerdarm beurteilt. Bei der Koloskopie werden End- und Dickdarm und, wenn m\u00f6glich, das Ende des D\u00fcnndarms untersucht.<\/span><\/li>\n<\/ul>\n<p>&nbsp;<\/p>\n<ul>\n<li><span style=\"font-size: 12pt;\"><strong>Labor-chemische Untersuchung (Blutuntersuchung)<\/strong><\/span><\/li>\n<li><span style=\"font-size: 12pt;\"><strong>Internistische Operations-Tauglichkeitsuntersuchung<\/strong><\/span><\/li>\n<li style=\"text-align: left;\"><span style=\"font-size: 12pt;\"><strong>Vorsorge- bzw. Gesundenuntersuchung:\u00a0<\/strong>Diese kann auf Kosten der Sozialversicherung einmal j\u00e4hrlich von Personen ab dem vollendeten 18. Lebensjahr mit Wohnsitz in \u00d6sterreich kostenfrei in Anspruch genommen werden.<\/span><br \/>\n <span style=\"font-size: 12pt;\"> Die genauen Untersuchungen (Labor etc.) sind unter folgendem Link ersichtlich:<\/span><\/p>\n<ul>\n<li><span style=\"font-size: 12pt;\"><a href=\"https:\/\/www.gesundheit.gv.at\/Portal.Node\/ghp\/public\/content\/Vorsorgeuntersuchung_Ablauf_LN.html\" target=\"_blank\" rel=\"noopener\">So l\u00e4uft eine Vorsorgeuntersuchung ab<\/a><\/span><\/li>\n<\/ul>\n<\/li>\n<\/ul>\n<p>&nbsp;<\/p>\n<ul>\n<li><span style=\"font-size: 12pt;\"><strong>Betreuung von DiabetikerInnen (Zuckerkranken) im Rahmen des Programms\u00a0<\/strong><strong>\u201e<\/strong><strong>Therapie Aktiv-Diabetes im Griff<\/strong><strong>\u201c<\/strong><strong>:\u00a0<\/strong>Mit diesem Programm sollen die Langzeitbetreuung und die notwendigen Kontrollen bei Zuckerkranken sichergestellt werden.<\/span>\n<ul>\n<li><span style=\"font-size: 12pt;\">F\u00fcr weitere Informationen:\u00a0<em><a href=\"http:\/\/diabetes.therapie-aktiv.at\/\" target=\"_blank\" rel=\"noopener\">diabetes.therapie-aktiv.at<\/a><\/em><\/span><\/li>\n<\/ul>\n<\/li>\n<\/ul>\n<h3><span style=\"font-size: 14pt;\"><strong>\u00a0Schulungen:<\/strong><\/span><\/h3>\n<ul>\n<li style=\"text-align: left;\"><span style=\"font-size: 12pt;\"><strong>F<\/strong><strong>\u00fc<\/strong><strong>r Insulinpflichtige und Nicht &#8211; Insulinpflichtige -Typ 2 &#8211; DiabetikerInnen (Zuckerkranke) im Rahmen des steirischen Schulungsprojekts. <\/strong>Ziel der Schulung ist das Verst\u00e4ndnis f\u00fcr die Erkrankung, Kennenlernen der sie beeinflussenden Faktoren und selbst\u00e4ndige Behandlung und Kontrolle.<\/span>\n<ul>\n<li><span style=\"font-size: 12pt;\">F\u00fcr weitere Informationen:\u00a0<em><a href=\"https:\/\/www.sozialversicherung.at\/portal27\/portal\/stgkkportal\/channel_content\/cmsWindow?p_pubid=5167&amp;action=2&amp;p_menuid=67143&amp;p_tabid=5\" target=\"_blank\" rel=\"noopener\">Diabetes Typ 2-Schulung auf www.sozialversicherung.at<\/a><\/em><\/span><\/li>\n<\/ul>\n<\/li>\n<\/ul>\n<p style=\"text-align: left;\">\u00a0<\/p>\n<ul>\n<li style=\"text-align: left;\"><span style=\"font-size: 12pt;\"><strong>F<\/strong><strong>\u00fc<\/strong><strong>r HypertonikerInnen (Bluthochdruck-PatientInnen) im Rahmen des Projekts\u00a0<\/strong><strong>\u201e<\/strong><strong>herz.leben<\/strong><strong>\u201c<\/strong><strong>.\u00a0<\/strong>Ziel der Schulung ist das Erreichen einer guten Blutdruckeinstellung und die Vermeidung schwerer Folgeerkrankungen.<\/span>\n<ul>\n<li style=\"text-align: left;\"><span style=\"font-size: 12pt;\">F\u00fcr weitere Informationen:\u00a0<em><a href=\"https:\/\/www.sozialversicherung.at\/portal27\/portal\/stgkkportal\/channel_content\/cmsWindow?action=2&amp;p_menuid=67145&amp;p_tabid=5&amp;p_pubid=116591\" target=\"_blank\" rel=\"noopener\">herz.leben auf www.sozialversicherung.at<\/a><\/em><\/span><\/li>\n<\/ul>\n<\/li>\n<\/ul>\n<div>\u00a0<\/div>\n<div>\u00a0<\/div>\n","protected":false},"excerpt":{"rendered":"<p>EKG \u00a0Ableitung der elektrischen Aktivit\u00e4t im Herzen. Damit k\u00f6nnen Herzrhythmusst\u00f6rungen und akute Durchblutungsst\u00f6rungen des Herzmuskels diagnostiziert werden. Zus\u00e4tzlich kann das EKG Hinweise auf andere Erkrankungen geben. &nbsp; Belastungs-EKG (Ergometrie)\u00a0Belastung auf einem Fahrrad\/Ergometer. Dabei Aufzeichnung der elektrischen Herzaktivit\u00e4t (wie beim EKG).\u00a0Damit k\u00f6nnen Durchblutungsst\u00f6rungen des Herzmuskels bzw. Verengungen in den Herzkranzgef\u00e4\u00dfen erkannt werden.\u00a0W\u00e4hrend der Belastung erfolgt eine&hellip;<\/p>\n","protected":false},"author":1,"featured_media":0,"parent":0,"menu_order":0,"comment_status":"closed","ping_status":"closed","template":"","meta":{"footnotes":""},"_links":{"self":[{"href":"https:\/\/www.dr-christidis.at\/site\/wp-json\/wp\/v2\/pages\/928"}],"collection":[{"href":"https:\/\/www.dr-christidis.at\/site\/wp-json\/wp\/v2\/pages"}],"about":[{"href":"https:\/\/www.dr-christidis.at\/site\/wp-json\/wp\/v2\/types\/page"}],"author":[{"embeddable":true,"href":"https:\/\/www.dr-christidis.at\/site\/wp-json\/wp\/v2\/users\/1"}],"replies":[{"embeddable":true,"href":"https:\/\/www.dr-christidis.at\/site\/wp-json\/wp\/v2\/comments?post=928"}],"version-history":[{"count":13,"href":"https:\/\/www.dr-christidis.at\/site\/wp-json\/wp\/v2\/pages\/928\/revisions"}],"predecessor-version":[{"id":1265,"href":"https:\/\/www.dr-christidis.at\/site\/wp-json\/wp\/v2\/pages\/928\/revisions\/1265"}],"wp:attachment":[{"href":"https:\/\/www.dr-christidis.at\/site\/wp-json\/wp\/v2\/media?parent=928"}],"curies":[{"name":"wp","href":"https:\/\/api.w.org\/{rel}","templated":true}]}}